{"id":396,"date":"2017-11-17T16:05:10","date_gmt":"2017-11-17T10:20:10","guid":{"rendered":"https:\/\/moroccocitiestours.com\/annapurna-base-camp-trek\/"},"modified":"2017-11-17T16:05:10","modified_gmt":"2017-11-17T10:20:10","slug":"annapurna-base-camp-trek","status":"publish","type":"page","link":"https:\/\/moroccocitiestours.com\/fr\/annapurna-base-camp-trek\/","title":{"rendered":"Trek du camp de base de l'Annapurna"},"content":{"rendered":"<p>Le trek du camp de base de l'Annapurna (ABC) est l'un des treks les plus populaires au N\u00e9pal. Il est relativement facile et plus court, tout en incorporant un terrain, une culture et une faune diversifi\u00e9s, ainsi que la vue la plus spectaculaire et la plus proche de la cha\u00eene des Annapurnas, du Machhapuchhre, du Hiunchuli et du Dhaulagiri.<\/p>\n<p>La r\u00e9gion abrite diff\u00e9rents animaux tels que le l\u00e9opard n\u00e9buleux, le tahr de l'Himalaya, l'abeille g\u00e9ante de l'Himalaya, les faisans, etc. Au printemps, elle pr\u00e9sente de nombreuses fleurs magnifiques, dont la fleur nationale du N\u00e9pal, le rhododendron. Les orchid\u00e9es, le massif du Machhapuchhre et la gorge la plus profonde, la Kali Gandaki, vous accompagnent tout au long du trek. Vous apercevrez parfois de hautes chutes d'eau en cascade. Enfin, vous d\u00e9couvrirez des personnes d'ethnies diff\u00e9rentes, en particulier le peuple Gurung, en visitant le mus\u00e9e Gurung \u00e0 Ghandruk.<\/p>\n<h2>Mat\u00e9riel de trekking ou \u00e9quipement de trekking requis<\/h2>\n<p>L'une des questions les plus importantes est de savoir ce qu'il faut emporter pour le trekking. Ne pas avoir l'\u00e9quipement ad\u00e9quat peut s'av\u00e9rer g\u00eanant, causer des probl\u00e8mes de sant\u00e9 ou tout simplement g\u00e2cher votre humeur. Voici donc une id\u00e9e g\u00e9n\u00e9rale de ce qu'il faut emporter pour le trekking au camp de base de l'Annapurna.<\/p>\n<ol>\n<li><strong>Des chaussures de trekking l\u00e9g\u00e8res<\/strong>. Il n'est pas impossible de faire ce trek en baskets. De nombreuses personnes l'ont fait. Juste que vous marcherez dans la neige pour une partie du trek et que les bottes offrent plus de s\u00e9curit\u00e9. Si vous \u00eates une femme trekkeuse, consultez ces meilleures chaussures de randonn\u00e9e pour femmes de 2017.<\/li>\n<\/ol>\n<p>Si vous ne faites du trekking qu'une seule fois, il n'est pas n\u00e9cessaire de d\u00e9penser de l'argent pour des chaussures de randonn\u00e9e. Veillez simplement \u00e0 ce que vos chaussures soient bien adapt\u00e9es, l\u00e9g\u00e8res et confortables.<\/p>\n<ol start=\"2\">\n<li><strong>Une paire de crocs<\/strong><\/li>\n<li><strong>Quatre paires de chaussettes<\/strong>. Deux paires pour les climats chauds et deux paires pour les climats froids. Les chaussettes de trekking ou de doublure sont meilleures, mais il n'y a pas de probl\u00e8me si vous n'avez que des chaussettes normales.<\/li>\n<li><strong>Quelques paires de sous-v\u00eatements.<\/strong> Il existe des sous-v\u00eatements de trekking que vous pouvez acheter \u00e0 la maison. Ils conviennent \u00e9galement \u00e0 d'autres activit\u00e9s de plein air. Les sous-v\u00eatements normaux peuvent \u00eatre achet\u00e9s au N\u00e9pal.<\/li>\n<li><strong>Une doudoune de qualit\u00e9 sup\u00e9rieure et un pantalon en duvet. <\/strong>Vous pouvez acheter ou louer une bonne doudoune et un pantalon en duvet au N\u00e9pal pour un prix modique de $1 ou moins par jour.<\/li>\n<li><strong>T-shirts et pantalons <\/strong>en gardant \u00e0 l'esprit les temp\u00e9ratures froides et chaudes que vous allez traverser.<\/li>\n<li><strong>Un ensemble de thermiques.<\/strong> Vous pouvez aussi superposer les couches.<\/li>\n<li><strong>Un sac de couchage l\u00e9ger.<\/strong> Il peut \u00eatre achet\u00e9 ou lou\u00e9 au N\u00e9pal \u00e9galement.<\/li>\n<li><strong>Un b\u00e2ton de trekking. <\/strong>Bien que relativement facile, ce trek comporte de nombreuses mont\u00e9es et descentes et un b\u00e2ton de trekking peut vous aider. Sinon, vous pouvez trouver un b\u00e2ton solide en chemin et l'utiliser pour vous soutenir.<\/li>\n<li><strong>Deux paires de gants.<\/strong> Une pour les temps chauds et une pour les temps froids.<\/li>\n<li><strong>Un bonnet de laine<\/strong><\/li>\n<li><strong>Lunettes de soleil<\/strong><\/li>\n<li><strong>Une lampe de poche ou une lampe frontale<\/strong><\/li>\n<li><strong>Une trousse de premiers secours comprenant du Diamox et des sels de r\u00e9hydratation orale (SRO).<\/strong><\/li>\n<li><strong>Articles de toilette<\/strong><strong>- <\/strong>Papier hygi\u00e9nique, d\u00e9sinfectant pour les mains, purificateurs d'eau, cr\u00e8me solaire, cr\u00e8me hydratante, dentifrice et brosse \u00e0 dents.<\/li>\n<li><strong>Une carte imperm\u00e9able du camp de base de l'Annapurna<\/strong><\/li>\n<li><strong>Des collations que vous aimez et des divertissements tels que des livres, des cartes, un iPad, etc.<\/strong><\/li>\n<\/ol>\n<p>Si vous ne savez pas quel \u00e9quipement acheter au N\u00e9pal et quel \u00e9quipement emporter de chez vous, cet article vous aidera \u00e0 d\u00e9cider si vous devez acheter votre \u00e9quipement de trekking chez vous ou au N\u00e9pal.<\/p>\n<h2>Quelques questions fr\u00e9quemment pos\u00e9es<\/h2>\n<p>Voici quelques r\u00e9ponses aux questions les plus fr\u00e9quemment pos\u00e9es afin de vous donner une id\u00e9e plus pr\u00e9cise du trek du camp de base de l'Annapurna.<\/p>\n<p><strong>1) Quelle doit \u00eatre ma condition physique pour faire cette randonn\u00e9e ?<\/strong><\/p>\n<p>Le camp de base de l'Annapurna est un itin\u00e9raire de grade B ou mod\u00e9r\u00e9ment difficile. Toute personne en bonne sant\u00e9 peut donc faire ce trekking, m\u00eame si elle n'a pas d'exp\u00e9rience pr\u00e9alable. Vous devez savoir \u00e0 quoi vous attendre et vous pr\u00e9parer mentalement. Ensuite, tant que vous le voudrez, vous pourrez le faire.<\/p>\n<p><strong>2) Combien de temps devons-nous marcher chaque jour lors du trekking au camp de base de l'Annapurna ?<\/strong><\/p>\n<p>En moyenne, vous marchez entre 4 et 6 heures par jour. Un ou deux jours peuvent \u00eatre inf\u00e9rieurs \u00e0 3 heures et un ou deux jours peuvent \u00eatre sup\u00e9rieurs \u00e0 7 heures.<\/p>\n<p><strong>3) Quelle est l'altitude la plus \u00e9lev\u00e9e atteinte au cours de ce trek ?<\/strong><\/p>\n<p>L'altitude la plus \u00e9lev\u00e9e atteinte est de 4190m. C'est l'altitude du camp de base de l'Annapurna. ABC est l'altitude la plus \u00e9lev\u00e9e que nous atteindrons au cours de ce trek.<\/p>\n<p><strong>4) Qu'en est-il du chargement des batteries et des douches chaudes ?<\/strong><\/p>\n<p>Oui, il est possible de recharger les batteries en cours de route. Il est conseill\u00e9 d'apporter un chargeur. Il existe \u00e9galement des douches chaudes. Vous devrez peut-\u00eatre payer un certain montant pour les deux ($1-$2). N\u00e9gociez. En outre, l'eau chaude peut \u00eatre gratuite \u00e0 basse altitude.<\/p>","protected":false},"excerpt":{"rendered":"<p>Le trek du camp de base de l'Annapurna (ABC) est l'un des treks les plus populaires au N\u00e9pal. Il est relativement facile et plus court, tout en incorporant un terrain, une culture et une faune diversifi\u00e9s, ainsi que les paysages les plus spectaculaires et les plus proches ... <\/p>","protected":false},"author":1,"featured_media":0,"parent":0,"menu_order":0,"comment_status":"closed","ping_status":"closed","template":"","meta":{"footnotes":""},"class_list":["post-396","page","type-page","status-publish","hentry","latest_post"],"_links":{"self":[{"href":"https:\/\/moroccocitiestours.com\/fr\/wp-json\/wp\/v2\/pages\/396","targetHints":{"allow":["GET"]}}],"collection":[{"href":"https:\/\/moroccocitiestours.com\/fr\/wp-json\/wp\/v2\/pages"}],"about":[{"href":"https:\/\/moroccocitiestours.com\/fr\/wp-json\/wp\/v2\/types\/page"}],"author":[{"embeddable":true,"href":"https:\/\/moroccocitiestours.com\/fr\/wp-json\/wp\/v2\/users\/1"}],"replies":[{"embeddable":true,"href":"https:\/\/moroccocitiestours.com\/fr\/wp-json\/wp\/v2\/comments?post=396"}],"version-history":[{"count":0,"href":"https:\/\/moroccocitiestours.com\/fr\/wp-json\/wp\/v2\/pages\/396\/revisions"}],"wp:attachment":[{"href":"https:\/\/moroccocitiestours.com\/fr\/wp-json\/wp\/v2\/media?parent=396"}],"curies":[{"name":"wp","href":"https:\/\/api.w.org\/{rel}","templated":true}]}}