{"id":396,"date":"2017-11-17T16:05:10","date_gmt":"2017-11-17T10:20:10","guid":{"rendered":"https:\/\/moroccocitiestours.com\/annapurna-base-camp-trek\/"},"modified":"2017-11-17T16:05:10","modified_gmt":"2017-11-17T10:20:10","slug":"annapurna-base-camp-trek","status":"publish","type":"page","link":"https:\/\/moroccocitiestours.com\/es\/annapurna-base-camp-trek\/","title":{"rendered":"Trekking al Campo Base del Annapurna"},"content":{"rendered":"<p>La ruta del Campo Base del Annapurna (ABC) es una de las m\u00e1s populares de Nepal. Es relativamente f\u00e1cil y m\u00e1s corto, pero incluye diversos terrenos, cultura y vida salvaje, as\u00ed como las vistas m\u00e1s espectaculares y cercanas de la cordillera del Annapurna, el Machhapuchhre, el Hiunchuli y el Dhaulagiri.<\/p>\n<p>La regi\u00f3n alberga diferentes animales, como leopardos nublados, tahr del Himalaya, abejas gigantes del Himalaya, faisanes, etc. En primavera, exhibe muchas flores hermosas, entre ellas la flor nacional de Nepal: el rododendro. Las orqu\u00eddeas, el macizo de Machhapuchhre y el desfiladero m\u00e1s profundo, el Kali Gandaki, le har\u00e1n compa\u00f1\u00eda durante el recorrido. A veces se divisan altas cascadas. Adem\u00e1s, en el Museo Gurung de Ghandruk conocer\u00e1 a gentes de distintas etnias, especialmente a los gurung.<\/p>\n<h2>Equipamiento de senderismo necesario<\/h2>\n<p>Qu\u00e9 meter en la maleta para el viaje es una de las cuestiones importantes. No llevar el equipo adecuado puede resultar problem\u00e1tico, causar problemas de salud o simplemente arruinar el estado de \u00e1nimo. Aqu\u00ed tienes una idea general de lo que debes llevar al trekking al Campo Base del Annapurna.<\/p>\n<ol>\n<li><strong>Unas botas de senderismo ligeras<\/strong>. No es imposible hacer este trekking en zapatillas de deporte o deportivas. Mucha gente lo ha hecho. Lo \u00fanico es que caminar\u00e1s por la nieve durante una parte de la ruta y las botas ofrecen m\u00e1s seguridad. Si eres una mujer senderista, echa un vistazo a estas mejores botas de monta\u00f1a para mujer de 2017.<\/li>\n<\/ol>\n<p>Si va a hacer senderismo una sola vez, no es necesario gastar en botas de monta\u00f1a. Aseg\u00farate de que el calzado te queda bien y es ligero y c\u00f3modo.<\/p>\n<ol start=\"2\">\n<li><strong>Un par de cocodrilos<\/strong><\/li>\n<li><strong>Cuatro pares de calcetines de forro<\/strong>. Dos pares para clima c\u00e1lido y dos pares para clima fr\u00edo. Los calcetines de trekking\/liner son mejores, pero no pasa nada si s\u00f3lo tienes los normales.<\/li>\n<li><strong>Pocos pares de ropa interior.<\/strong> Hay ropa interior de trekking que puedes comprar en casa. Tambi\u00e9n sirven para otras actividades al aire libre. Los normales se pueden comprar en Nepal.<\/li>\n<li><strong>Las mejores chaquetas de plum\u00f3n de alta calidad y un pantal\u00f3n de plum\u00f3n. <\/strong>En Nepal puedes comprar o alquilar una buena chaqueta de plum\u00f3n y un pantal\u00f3n de plum\u00f3n baratos por $1 o menos al d\u00eda.<\/li>\n<li><strong>Camisetas y pantalones <\/strong>teniendo en cuenta tanto las temperaturas fr\u00edas como las c\u00e1lidas que vas a atravesar.<\/li>\n<li><strong>Un juego de t\u00e9rmicas.<\/strong> O puedes ponerte m\u00e1s capas.<\/li>\n<li><strong>Un saco de dormir ligero.<\/strong> Tambi\u00e9n se puede comprar o alquilar en Nepal.<\/li>\n<li><strong>Un bast\u00f3n de trekking. <\/strong>Aunque es relativamente f\u00e1cil, hay muchas subidas y bajadas en esta ruta y un bast\u00f3n de trekking puede ayudarle. Si no, puede encontrar un bast\u00f3n resistente por el camino y utilizarlo como apoyo.<\/li>\n<li><strong>Dos pares de guantes.<\/strong> Una para el calor y otra para el fr\u00edo.<\/li>\n<li><strong>Un gorro de lana<\/strong><\/li>\n<li><strong>Gafas de sol<\/strong><\/li>\n<li><strong>Una linterna o una linterna frontal<\/strong><\/li>\n<li><strong>Un botiqu\u00edn de primeros auxilios que incluya Diamox y sales de rehidrataci\u00f3n oral (SRO).<\/strong><\/li>\n<li><strong>Art\u00edculos de aseo<\/strong><strong>- <\/strong>Papel higi\u00e9nico, desinfectante de manos, purificadores de agua, crema solar, crema hidratante, pasta y cepillo de dientes.<\/li>\n<li><strong>Un mapa impermeable del Campo Base del Annapurna<\/strong><\/li>\n<li><strong>Aperitivos que te gusten y entretenimientos como libros, cartas, un iPad, etc.<\/strong><\/li>\n<\/ol>\n<p>Si no est\u00e1 seguro de qu\u00e9 equipo comprar en Nepal y qu\u00e9 traer de casa, este art\u00edculo le ayudar\u00e1 a decidir si comprar el equipo de trekking en casa o en Nepal.<\/p>\n<h2>Algunas preguntas frecuentes<\/h2>\n<p>A continuaci\u00f3n se responden algunas de las preguntas m\u00e1s frecuentes para ofrecer una visi\u00f3n m\u00e1s clara del Trekking al Campamento Base del Annapurna.<\/p>\n<p><strong>1) \u00bfQu\u00e9 forma f\u00edsica necesito para hacer este trekking?<\/strong><\/p>\n<p>El Campo Base del Annapurna es una ruta de grado B o de dificultad moderada. Por tanto, cualquier persona en forma puede hacer este trekking, aunque no tenga experiencia previa. Debes ser consciente de lo que te espera y prepararte mentalmente para ello. Entonces, siempre que quiera, podr\u00e1.<\/p>\n<p><strong>2) \u00bfCu\u00e1nto tiempo hay que caminar cada d\u00eda durante el trekking al Campamento Base del Annapurna?<\/strong><\/p>\n<p>Por t\u00e9rmino medio, caminas entre 4 y 6 horas al d\u00eda. Uno o dos d\u00edas pueden ser de menos de 3 horas y uno o dos d\u00edas de hasta 7 horas.<\/p>\n<p><strong>3) \u00bfCu\u00e1l es la mayor altitud alcanzada en este trekking?<\/strong><\/p>\n<p>La mayor altitud alcanzada es de 4190 m. Esta es la elevaci\u00f3n del Campo Base del Annapurna. ABC es lo m\u00e1s alto que subiremos en este trekking.<\/p>\n<p><strong>4) \u00bfQu\u00e9 pasa con la carga de bater\u00edas y las duchas de agua caliente?<\/strong><\/p>\n<p>S\u00ed, puede cargar las bater\u00edas en ruta. Hay que llevar cargador. Tambi\u00e9n hay duchas de agua caliente. Puede que tenga que pagar cierta cantidad por ambas ($1-$2). Negocie. Adem\u00e1s, el agua caliente puede ser gratuita a menor altitud.<\/p>","protected":false},"excerpt":{"rendered":"<p>El trekking al Campo Base del Annapurna (ABC) es uno de los m\u00e1s populares de Nepal. Es relativamente f\u00e1cil y m\u00e1s corto, pero incorpora terreno, cultura y vida salvaje diversos junto con los paisajes m\u00e1s espectaculares y cercanos... <\/p>","protected":false},"author":1,"featured_media":0,"parent":0,"menu_order":0,"comment_status":"closed","ping_status":"closed","template":"","meta":{"footnotes":""},"class_list":["post-396","page","type-page","status-publish","hentry","latest_post"],"_links":{"self":[{"href":"https:\/\/moroccocitiestours.com\/es\/wp-json\/wp\/v2\/pages\/396","targetHints":{"allow":["GET"]}}],"collection":[{"href":"https:\/\/moroccocitiestours.com\/es\/wp-json\/wp\/v2\/pages"}],"about":[{"href":"https:\/\/moroccocitiestours.com\/es\/wp-json\/wp\/v2\/types\/page"}],"author":[{"embeddable":true,"href":"https:\/\/moroccocitiestours.com\/es\/wp-json\/wp\/v2\/users\/1"}],"replies":[{"embeddable":true,"href":"https:\/\/moroccocitiestours.com\/es\/wp-json\/wp\/v2\/comments?post=396"}],"version-history":[{"count":0,"href":"https:\/\/moroccocitiestours.com\/es\/wp-json\/wp\/v2\/pages\/396\/revisions"}],"wp:attachment":[{"href":"https:\/\/moroccocitiestours.com\/es\/wp-json\/wp\/v2\/media?parent=396"}],"curies":[{"name":"wp","href":"https:\/\/api.w.org\/{rel}","templated":true}]}}