{"id":3,"date":"2025-04-07T12:17:02","date_gmt":"2025-04-07T12:17:02","guid":{"rendered":"https:\/\/moroccocitiestours.com\/?page_id=3"},"modified":"2025-05-04T13:19:30","modified_gmt":"2025-05-04T13:19:30","slug":"privacy-policy","status":"publish","type":"page","link":"https:\/\/moroccocitiestours.com\/es\/privacy-policy\/","title":{"rendered":"Pol\u00edtica de privacidad"},"content":{"rendered":"<h2 class=\"wp-block-heading\" id=\"h-casablanca-day-tour-privacy-policy\"><strong>Casablanca day tour Pol\u00edtica de privacidad<\/strong><\/h2>\n\n\n\n<p>\u00daltima actualizaci\u00f3n: 15 de diciembre de 2024<\/p>\n\n\n\n<p><strong>Introducci\u00f3n<\/strong><\/p>\n\n\n\n<p>Bienvenido a Casablanca day tour. Nos comprometemos a proteger su privacidad y a salvaguardar su informaci\u00f3n personal. Esta pol\u00edtica de privacidad describe c\u00f3mo recopilamos, utilizamos, divulgamos y protegemos su informaci\u00f3n cuando utiliza nuestro sitio web, aplicaciones m\u00f3viles o servicios, o cuando interact\u00faa con nosotros de otro modo.<\/p>\n\n\n\n<p>Al utilizar nuestros servicios, usted acepta las pr\u00e1cticas descritas en esta Pol\u00edtica de Privacidad.<\/p>\n\n\n\n<p><strong>Informaci\u00f3n que recopilamos<\/strong><\/p>\n\n\n\n<p><strong>Informaci\u00f3n personal<\/strong><\/p>\n\n\n\n<p>Podemos recopilar los siguientes tipos de informaci\u00f3n personal:<\/p>\n\n\n\n<ul class=\"wp-block-list\">\n<li>Informaci\u00f3n de contacto (nombre, direcci\u00f3n de correo electr\u00f3nico, n\u00famero de tel\u00e9fono, direcci\u00f3n postal)<\/li>\n\n\n\n<li>Informaci\u00f3n de identificaci\u00f3n (datos del pasaporte, tarjetas de identificaci\u00f3n, permiso de conducir)<\/li>\n\n\n\n<li>Preferencias y requisitos de viaje<\/li>\n\n\n\n<li>Itinerario de viaje y detalles de la reserva<\/li>\n\n\n\n<li>Informaci\u00f3n de contacto en caso de emergencia<\/li>\n\n\n\n<li>Informaci\u00f3n demogr\u00e1fica<\/li>\n\n\n\n<li>Informaci\u00f3n sanitaria relacionada con sus necesidades de viaje (alergias, discapacidades, afecciones m\u00e9dicas)<\/li>\n\n\n\n<li>Comentarios, consultas y comunicaci\u00f3n con nosotros<\/li>\n<\/ul>\n\n\n\n<p><strong>Informaci\u00f3n recogida autom\u00e1ticamente<\/strong><\/p>\n\n\n\n<p>Cuando visita nuestro sitio web, podemos recopilar datos autom\u00e1ticamente:<\/p>\n\n\n\n<ul class=\"wp-block-list\">\n<li>Informaci\u00f3n del dispositivo (direcci\u00f3n IP, tipo de navegador, sistema operativo)<\/li>\n\n\n\n<li>Datos de uso (p\u00e1ginas visitadas, tiempo de permanencia, enlaces pulsados)<\/li>\n\n\n\n<li>Datos de localizaci\u00f3n (con su permiso)<\/li>\n\n\n\n<li>Cookies y tecnolog\u00edas de seguimiento similares<\/li>\n<\/ul>\n\n\n\n<p><strong>C\u00f3mo utilizamos su informaci\u00f3n<\/strong><\/p>\n\n\n\n<p>Utilizamos su informaci\u00f3n personal para los siguientes fines:<\/p>\n\n\n\n<ul class=\"wp-block-list\">\n<li>Para prestar y gestionar los servicios de viaje que solicite<\/li>\n\n\n\n<li>Tramitar reservas y completar transacciones<\/li>\n\n\n\n<li>Para comunicarnos con usted en relaci\u00f3n con sus reservas, consultas o comentarios.<\/li>\n\n\n\n<li>Para personalizar y mejorar su experiencia con nuestros servicios<\/li>\n\n\n\n<li>Para enviarle comunicaciones comerciales (de acuerdo con sus preferencias)<\/li>\n\n\n\n<li>Cumplir las obligaciones legales relacionadas con los viajes (requisitos de visado, control de fronteras, etc.)<\/li>\n\n\n\n<li>Proteger la seguridad e integridad de nuestros servicios<\/li>\n\n\n\n<li>Para analizar y mejorar nuestras operaciones comerciales<\/li>\n<\/ul>\n\n\n\n<p><strong>Base jur\u00eddica para el tratamiento (para usuarios del EEE\/Reino Unido)<\/strong><\/p>\n\n\n\n<p>Para los usuarios del Espacio Econ\u00f3mico Europeo (EEE) o del Reino Unido, procesamos su informaci\u00f3n personal bas\u00e1ndonos en los siguientes fundamentos jur\u00eddicos:<\/p>\n\n\n\n<ul class=\"wp-block-list\">\n<li>Cumplimiento de un contrato cuando prestamos servicios que usted solicita<\/li>\n\n\n\n<li>Su consentimiento cuando se lo solicitemos para determinadas actividades<\/li>\n\n\n\n<li>Intereses leg\u00edtimos no anulados por sus derechos<\/li>\n\n\n\n<li>Cumplimiento de las obligaciones legales<\/li>\n<\/ul>\n\n\n\n<p><strong>Intercambio y divulgaci\u00f3n de informaci\u00f3n<\/strong><\/p>\n\n\n\n<p>Podemos compartir su informaci\u00f3n con:<\/p>\n\n\n\n<p><strong>Proveedores de servicios<\/strong><\/p>\n\n\n\n<ul class=\"wp-block-list\">\n<li>Hoteles, compa\u00f1\u00edas a\u00e9reas, empresas de transporte y otros proveedores de viajes<\/li>\n\n\n\n<li>Servicios de atenci\u00f3n al cliente<\/li>\n\n\n\n<li>Proveedores de servicios inform\u00e1ticos y en la nube<\/li>\n\n\n\n<li>Servicios de marketing y an\u00e1lisis<\/li>\n<\/ul>\n\n\n\n<p><strong>Procesadores de pagos externos<\/strong><\/p>\n\n\n\n<p>Utilizamos procesadores de pagos de terceros, incluidos PayPal y Stripe, para procesar los pagos de nuestros servicios. Cuando realiza un pago a trav\u00e9s de nuestro sitio web:<\/p>\n\n\n\n<ul class=\"wp-block-list\">\n<li>Se le redirigir\u00e1 a la plataforma del procesador de pagos o sus servicios se integrar\u00e1n en nuestro sistema de reservas.<\/li>\n\n\n\n<li>La informaci\u00f3n de pago que usted proporciona es recogida directamente por estos procesadores y est\u00e1 sujeta a sus respectivas pol\u00edticas de privacidad.<\/li>\n\n\n\n<li>No recopilamos ni almacenamos los datos de su tarjeta de cr\u00e9dito ni informaci\u00f3n de pago en nuestros servidores.<\/li>\n\n\n\n<li>Podemos recibir cierta informaci\u00f3n limitada de estos procesadores, como el estado del pago, para facilitar su transacci\u00f3n y proporcionar asistencia al cliente.<\/li>\n<\/ul>\n\n\n\n<p>Consulte las pol\u00edticas de privacidad de estos procesadores de pagos externos para obtener informaci\u00f3n sobre c\u00f3mo recopilan, utilizan y protegen su informaci\u00f3n de pago:<\/p>\n\n\n\n<ul class=\"wp-block-list\">\n<li>PayPal: <a class=\"\" href=\"https:\/\/www.paypal.com\/privacy\" target=\"_blank\" rel=\"noopener\">www.paypal.com\/privacy<\/a><\/li>\n\n\n\n<li>Raya: <a class=\"\" href=\"https:\/\/stripe.com\/privacy\" target=\"_blank\" rel=\"noopener\">stripe.com\/privacy<\/a><\/li>\n<\/ul>\n\n\n\n<p><strong>Requisitos legales<\/strong><\/p>\n\n\n\n<p>Podemos revelar su informaci\u00f3n si as\u00ed lo exige la ley, una solicitud gubernamental o cuando sea necesario para:<\/p>\n\n\n\n<ul class=\"wp-block-list\">\n<li>Cumplir una obligaci\u00f3n legal<\/li>\n\n\n\n<li>Proteger nuestros derechos y propiedades<\/li>\n\n\n\n<li>Prevenir el fraude o los abusos<\/li>\n\n\n\n<li>Garantizar la seguridad de nuestros usuarios<\/li>\n<\/ul>\n\n\n\n<p><strong>Transferencias internacionales de datos<\/strong><\/p>\n\n\n\n<p>Como agencia de viajes, operamos a nivel internacional y podemos transferir sus datos a trav\u00e9s de las fronteras. Cuando transferimos informaci\u00f3n personal fuera de su pa\u00eds, tomamos medidas para garantizar una protecci\u00f3n adecuada en cumplimiento de la legislaci\u00f3n aplicable en materia de protecci\u00f3n de datos.<\/p>\n\n\n\n<p><strong>Conservaci\u00f3n de datos<\/strong><\/p>\n\n\n\n<p>Conservamos su informaci\u00f3n personal durante el tiempo necesario para cumplir los fines descritos en esta Pol\u00edtica de privacidad, a menos que la ley exija o permita un per\u00edodo de conservaci\u00f3n m\u00e1s largo.<\/p>\n\n\n\n<p><strong>Sus derechos y opciones<\/strong><\/p>\n\n\n\n<p>Dependiendo de su ubicaci\u00f3n, puede tener derecho a:<\/p>\n\n\n\n<ul class=\"wp-block-list\">\n<li>Acceder a la informaci\u00f3n personal que tenemos sobre usted<\/li>\n\n\n\n<li>Corregir informaci\u00f3n inexacta o incompleta<\/li>\n\n\n\n<li>Solicitar la supresi\u00f3n de sus datos personales<\/li>\n\n\n\n<li>Limitar determinadas actividades de tratamiento u oponerse a ellas<\/li>\n\n\n\n<li>Solicitar la transferencia de su informaci\u00f3n a otro servicio<\/li>\n\n\n\n<li>Retirar el consentimiento cuando el tratamiento se base en \u00e9l<\/li>\n<\/ul>\n\n\n\n<p>Para ejercer estos derechos, p\u00f3ngase en contacto con nosotros a trav\u00e9s de los datos que figuran a continuaci\u00f3n.<\/p>\n\n\n\n<p><strong>Pol\u00edtica de cookies<\/strong><\/p>\n\n\n\n<p>Nuestro sitio web utiliza cookies y tecnolog\u00edas similares para mejorar la experiencia del usuario y recopilar informaci\u00f3n sobre c\u00f3mo se utiliza nuestro sitio web. Puede gestionar las preferencias de cookies a trav\u00e9s de la configuraci\u00f3n de su navegador.<\/p>\n\n\n\n<p><strong>Seguridad<\/strong><\/p>\n\n\n\n<p>Aplicamos las medidas t\u00e9cnicas y organizativas adecuadas para proteger sus datos personales contra el acceso no autorizado, la alteraci\u00f3n, la divulgaci\u00f3n o la destrucci\u00f3n.<\/p>\n\n\n\n<p><strong>Cambios en esta pol\u00edtica de privacidad<\/strong><\/p>\n\n\n\n<p>Podemos actualizar esta Pol\u00edtica de Privacidad de vez en cuando para reflejar cambios en nuestras pr\u00e1cticas o requisitos legales. Le notificaremos cualquier cambio sustancial a trav\u00e9s de nuestro sitio web o por otros medios.<\/p>\n\n\n\n<p><strong>Contacte con nosotros<\/strong><\/p>\n\n\n\n<p>Si tiene alguna pregunta o duda sobre esta Pol\u00edtica de privacidad o nuestras pr\u00e1cticas en materia de datos, p\u00f3ngase en contacto con nosotros en:<\/p>\n\n\n\n<p>GlobeDeal LLC<br>30 N Gould St Ste R<br>Sheridan, WY 82801<br>Correo electr\u00f3nico: <a>Contact@moroccocitiestours.com<\/a><br>Tel\u00e9fono: +212648564858<\/p>","protected":false},"excerpt":{"rendered":"<p>Casablanca day tour Privacy Policy Last Updated: December 15, 2024 Introduction Welcome to Casablanca day tour. We are committed to protecting your privacy and safeguarding your personal information. This Privacy Policy outlines how we collect, &hellip; <\/p>","protected":false},"author":1,"featured_media":0,"parent":0,"menu_order":0,"comment_status":"closed","ping_status":"open","template":"","meta":{"footnotes":""},"class_list":["post-3","page","type-page","status-publish","hentry","latest_post"],"_links":{"self":[{"href":"https:\/\/moroccocitiestours.com\/es\/wp-json\/wp\/v2\/pages\/3","targetHints":{"allow":["GET"]}}],"collection":[{"href":"https:\/\/moroccocitiestours.com\/es\/wp-json\/wp\/v2\/pages"}],"about":[{"href":"https:\/\/moroccocitiestours.com\/es\/wp-json\/wp\/v2\/types\/page"}],"author":[{"embeddable":true,"href":"https:\/\/moroccocitiestours.com\/es\/wp-json\/wp\/v2\/users\/1"}],"replies":[{"embeddable":true,"href":"https:\/\/moroccocitiestours.com\/es\/wp-json\/wp\/v2\/comments?post=3"}],"version-history":[{"count":2,"href":"https:\/\/moroccocitiestours.com\/es\/wp-json\/wp\/v2\/pages\/3\/revisions"}],"predecessor-version":[{"id":2004,"href":"https:\/\/moroccocitiestours.com\/es\/wp-json\/wp\/v2\/pages\/3\/revisions\/2004"}],"wp:attachment":[{"href":"https:\/\/moroccocitiestours.com\/es\/wp-json\/wp\/v2\/media?parent=3"}],"curies":[{"name":"wp","href":"https:\/\/api.w.org\/{rel}","templated":true}]}}