{"id":156,"date":"2017-11-13T05:35:53","date_gmt":"2017-11-13T05:35:53","guid":{"rendered":"https:\/\/moroccocitiestours.com\/activities-2\/"},"modified":"2025-10-10T13:26:34","modified_gmt":"2025-10-10T13:26:34","slug":"morocco-day-trip","status":"publish","type":"page","link":"https:\/\/moroccocitiestours.com\/es\/morocco-day-trip\/","title":{"rendered":"Actividades"},"content":{"rendered":"<p>En la actualidad no existe una definici\u00f3n ampliamente aceptada del t\u00e9rmino destino tur\u00edstico. Desde la perspectiva de la oferta de la industria tur\u00edstica, un destino suele definirse por una frontera geopol\u00edtica, dado que el marketing de destinos suele estar financiado por los gobiernos. Desde la perspectiva del viajero, un destino puede percibirse de forma muy distinta.<\/p>\n<p>Un destino tur\u00edstico es una ciudad, pueblo u otra zona que depende en gran medida de los ingresos procedentes del turismo, o \"un pa\u00eds, estado, regi\u00f3n, ciudad o pueblo que se comercializa o promociona como lugar de visita para turistas\". Puede contener una o m\u00e1s atracciones tur\u00edsticas y posiblemente algunas \"trampas para turistas\". La ciudad de Siem Reap, por ejemplo, es un popular destino tur\u00edstico en Camboya, debido sobre todo a su proximidad a los templos de Angkor.<\/p>\n<p>Un complejo tur\u00edstico en una isla tropical es una isla o archipi\u00e9lago que tambi\u00e9n depende del turismo como fuente de ingresos. Las Bahamas en el archipi\u00e9lago caribe\u00f1o, Bali en Indonesia, Phuket en Tailandia, Hawai en Estados Unidos, Palawan en Filipinas y Fiyi en el Pac\u00edfico, la isla de Vamizi, Santorini e Ibiza en el Mediterr\u00e1neo son ejemplos de populares complejos tur\u00edsticos insulares.<\/p>","protected":false},"excerpt":{"rendered":"<p>There is currently no widely accepted definition of the term tourist destination. From the tourism industry supply perspective a destination is usually defined by a geo-political boundary, given destination marketing is most commonly funded by &hellip; <\/p>","protected":false},"author":1,"featured_media":0,"parent":0,"menu_order":0,"comment_status":"closed","ping_status":"closed","template":"templates\/template-activities.php","meta":{"footnotes":""},"class_list":["post-156","page","type-page","status-publish","hentry","latest_post"],"_links":{"self":[{"href":"https:\/\/moroccocitiestours.com\/es\/wp-json\/wp\/v2\/pages\/156","targetHints":{"allow":["GET"]}}],"collection":[{"href":"https:\/\/moroccocitiestours.com\/es\/wp-json\/wp\/v2\/pages"}],"about":[{"href":"https:\/\/moroccocitiestours.com\/es\/wp-json\/wp\/v2\/types\/page"}],"author":[{"embeddable":true,"href":"https:\/\/moroccocitiestours.com\/es\/wp-json\/wp\/v2\/users\/1"}],"replies":[{"embeddable":true,"href":"https:\/\/moroccocitiestours.com\/es\/wp-json\/wp\/v2\/comments?post=156"}],"version-history":[{"count":1,"href":"https:\/\/moroccocitiestours.com\/es\/wp-json\/wp\/v2\/pages\/156\/revisions"}],"predecessor-version":[{"id":2217,"href":"https:\/\/moroccocitiestours.com\/es\/wp-json\/wp\/v2\/pages\/156\/revisions\/2217"}],"wp:attachment":[{"href":"https:\/\/moroccocitiestours.com\/es\/wp-json\/wp\/v2\/media?parent=156"}],"curies":[{"name":"wp","href":"https:\/\/api.w.org\/{rel}","templated":true}]}}