{"id":152,"date":"2017-11-13T05:28:13","date_gmt":"2017-11-13T05:28:13","guid":{"rendered":"https:\/\/moroccocitiestours.com\/destination-2\/"},"modified":"2025-11-06T16:04:25","modified_gmt":"2025-11-06T16:04:25","slug":"morocco-tour-package","status":"publish","type":"page","link":"https:\/\/moroccocitiestours.com\/es\/morocco-tour-package\/","title":{"rendered":"Paquete tur\u00edstico por Marruecos: Descubra lo mejor del destino Marruecos"},"content":{"rendered":"<p class=\"my-2 [&amp;+p]:mt-4 [&amp;_strong:has(+br)]:inline-block [&amp;_strong:has(+br)]:pb-2\">Experimente la magia y la diversidad de Marruecos con nuestro paquete Ultimate Morocco Tour, un viaje cuidadosamente dise\u00f1ado para sumergirse en la rica cultura, los impresionantes paisajes y la historia centenaria de este fascinante pa\u00eds norteafricano. Partiendo de vibrantes ciudades como Marrakech y Casablanca, explorar\u00e1 antiguas medinas, bulliciosos zocos y lugares emblem\u00e1ticos como la Mezquita Koutoubia y la Mezquita Hassan II.<\/p>\n<p class=\"my-2 [&amp;+p]:mt-4 [&amp;_strong:has(+br)]:inline-block [&amp;_strong:has(+br)]:pb-2\">Viaje por las ciudades imperiales de Rabat, Meknes y Fez, cada una de ellas con maravillas arquitect\u00f3nicas \u00fanicas, lugares declarados Patrimonio de la Humanidad por la UNESCO y vibrantes tradiciones. Experimente la c\u00e1lida hospitalidad de los marroqu\u00edes mientras pasea por estrechas callejuelas llenas de artesan\u00eda, coloridas especias y memorables encuentros locales.<\/p>\n<p class=\"my-2 [&amp;+p]:mt-4 [&amp;_strong:has(+br)]:inline-block [&amp;_strong:has(+br)]:pb-2\">Avent\u00farese m\u00e1s all\u00e1 de las ciudades y ad\u00e9ntrese en los espectaculares paisajes de la cordillera del Atlas, donde le esperan vistas panor\u00e1micas y pueblos bereberes tradicionales. A los aventureros les encantar\u00e1 la excursi\u00f3n al desierto del S\u00e1hara, que incluye un inolvidable paseo en camello por las dunas doradas de Erg Chebbi y una noche bajo las estrellas en un encantador campamento del desierto.<\/p>\n<p class=\"my-2 [&amp;+p]:mt-4 [&amp;_strong:has(+br)]:inline-block [&amp;_strong:has(+br)]:pb-2\">A lo largo de la ruta, del\u00e9itese con visitas a kasbahs hist\u00f3ricas, palmerales y gargantas espectaculares como las de Todra y Dades. Termine su viaje relaj\u00e1ndose en la costa atl\u00e1ntica de Essaouira, famosa por su marisco fresco, sus antiguas murallas y su vibrante escena art\u00edstica.<\/p>\n<p class=\"my-2 [&amp;+p]:mt-4 [&amp;_strong:has(+br)]:inline-block [&amp;_strong:has(+br)]:pb-2\">Este completo viaje equilibra el descubrimiento cultural, la naturaleza y la aventura, lo que lo convierte en la opci\u00f3n perfecta para los viajeros que buscan una experiencia marroqu\u00ed profunda y aut\u00e9ntica. Tanto si est\u00e1 interesado en la historia, los paisajes o la cocina local, el paquete Ultimate Morocco Tour le ofrece recuerdos inolvidables y una profunda conexi\u00f3n con el diverso patrimonio de Marruecos.<\/p>\n<p class=\"my-2 [&amp;+p]:mt-4 [&amp;_strong:has(+br)]:inline-block [&amp;_strong:has(+br)]:pb-2\">Este viaje es ideal para cualquiera que desee descubrir los destinos imprescindibles de Marruecos con gu\u00edas expertos, alojamientos confortables y un servicio de transporte impecable, lo que garantiza una experiencia de viaje enriquecedora y sin complicaciones de principio a fin.<\/p>","protected":false},"excerpt":{"rendered":"<p>Experience the magic and diversity of Morocco with our Ultimate Morocco Tour Package, a carefully curated journey designed to immerse you in the rich culture, breathtaking landscapes, and centuries-old history of this fascinating North African &hellip; <\/p>","protected":false},"author":1,"featured_media":2200,"parent":0,"menu_order":0,"comment_status":"closed","ping_status":"closed","template":"templates\/template-destination.php","meta":{"footnotes":""},"class_list":["post-152","page","type-page","status-publish","has-post-thumbnail","hentry","latest_post"],"_links":{"self":[{"href":"https:\/\/moroccocitiestours.com\/es\/wp-json\/wp\/v2\/pages\/152","targetHints":{"allow":["GET"]}}],"collection":[{"href":"https:\/\/moroccocitiestours.com\/es\/wp-json\/wp\/v2\/pages"}],"about":[{"href":"https:\/\/moroccocitiestours.com\/es\/wp-json\/wp\/v2\/types\/page"}],"author":[{"embeddable":true,"href":"https:\/\/moroccocitiestours.com\/es\/wp-json\/wp\/v2\/users\/1"}],"replies":[{"embeddable":true,"href":"https:\/\/moroccocitiestours.com\/es\/wp-json\/wp\/v2\/comments?post=152"}],"version-history":[{"count":2,"href":"https:\/\/moroccocitiestours.com\/es\/wp-json\/wp\/v2\/pages\/152\/revisions"}],"predecessor-version":[{"id":2259,"href":"https:\/\/moroccocitiestours.com\/es\/wp-json\/wp\/v2\/pages\/152\/revisions\/2259"}],"wp:featuredmedia":[{"embeddable":true,"href":"https:\/\/moroccocitiestours.com\/es\/wp-json\/wp\/v2\/media\/2200"}],"wp:attachment":[{"href":"https:\/\/moroccocitiestours.com\/es\/wp-json\/wp\/v2\/media?parent=152"}],"curies":[{"name":"wp","href":"https:\/\/api.w.org\/{rel}","templated":true}]}}