{"id":396,"date":"2017-11-17T16:05:10","date_gmt":"2017-11-17T10:20:10","guid":{"rendered":"https:\/\/moroccocitiestours.com\/annapurna-base-camp-trek\/"},"modified":"2017-11-17T16:05:10","modified_gmt":"2017-11-17T10:20:10","slug":"annapurna-base-camp-trek","status":"publish","type":"page","link":"https:\/\/moroccocitiestours.com\/de\/annapurna-base-camp-trek\/","title":{"rendered":"Annapurna Base Camp Trek"},"content":{"rendered":"<p>Der Annapurna Base Camp (ABC) Trek ist einer der beliebtesten Treks in Nepal. Er ist relativ einfach und k\u00fcrzer, bietet aber dennoch abwechslungsreiches Terrain, Kultur und Tierwelt sowie den spektakul\u00e4rsten Blick auf die Annapurna-Bergkette, Machhapuchhre, Hiunchuli und Dhaulagiri aus n\u00e4chster N\u00e4he.<\/p>\n<p>Die Region ist die Heimat verschiedener Tiere wie Nebelparder, Himalaya-Tahr, Himalaya-Riesenhonigbiene, Fasane usw. Im Fr\u00fchling bl\u00fchen hier viele wundersch\u00f6ne Blumen, darunter die Nationalblume Nepals - der Rhododendron. Orchideen, das Machhapuchhre-Massiv und die tiefste Schlucht Kali Gandaki begleiten Sie w\u00e4hrend der Wanderung. Sie werden zeitweise hohe, kaskadenartige Wasserf\u00e4lle sehen. Beim Besuch des Gurung-Museums in Ghandruk erfahren Sie mehr \u00fcber die Menschen verschiedener Ethnien, insbesondere \u00fcber das Volk der Gurung.<\/p>\n<h2>Erforderliche Trekking-Gangschaltung oder Trekking-Ausr\u00fcstung<\/h2>\n<p>Die Frage, was man f\u00fcr die Wanderung einpacken soll, ist eine der wichtigsten Fragen. Das Fehlen der richtigen Ausr\u00fcstung kann sich als l\u00e4stig erweisen, gesundheitliche Probleme verursachen oder einfach nur die Laune verderben. Hier ist also eine allgemeine Idee, was Sie zum Annapurna Base Camp Trekking mitbringen sollten.<\/p>\n<ol>\n<li><strong>Ein leichter Trekkingstiefel<\/strong>. Es ist nicht unm\u00f6glich, diese Wanderung in Turnschuhen oder Turnschuhen zu machen. Viele Menschen haben. Nur, dass Sie in Schnee f\u00fcr einen Teil der Wanderung und Stiefel bieten mehr Sicherheit zu Fu\u00df sein wird. Wenn Sie eine Frau Trekker sind, \u00fcberpr\u00fcfen Sie diese besten Wanderschuhe f\u00fcr Frauen von 2017.<\/li>\n<\/ol>\n<p>Wenn Sie nur ein einziges Mal wandern, m\u00fcssen Sie nicht viel Geld f\u00fcr Wanderschuhe ausgeben. Achten Sie nur darauf, dass Ihre Schuhe gut passen, leicht und bequem sind.<\/p>\n<ol start=\"2\">\n<li><strong>Ein Paar Krokodile<\/strong><\/li>\n<li><strong>Vier Paar Einlegesocken<\/strong>. Zwei Paar f\u00fcr warmes Klima und zwei Paar f\u00fcr kaltes Klima. Trekking-\/Futtersocken sind besser, aber es ist okay, wenn Sie nur die normalen haben.<\/li>\n<li><strong>Wenige Paare Unterw\u00e4sche.<\/strong> Es gibt Trekking-Unterw\u00e4sche, die man zu Hause kaufen kann. Sie ist auch f\u00fcr andere Outdoor-Aktivit\u00e4ten geeignet. Normale Unterw\u00e4sche kann man in Nepal kaufen.<\/li>\n<li><strong>Eine hochwertige beste Daunenjacke und eine Daunenhose. <\/strong>Eine gute Daunenjacke und eine Daunenhose kann man in Nepal f\u00fcr $1 oder weniger pro Tag g\u00fcnstig kaufen oder mieten.<\/li>\n<li><strong>T-Shirts und Hosen <\/strong>Ber\u00fccksichtigen Sie sowohl die kalten als auch die warmen Temperaturen, die Sie durchqueren werden.<\/li>\n<li><strong>Eine Thermoskanne.<\/strong> Oder Sie k\u00f6nnen auch mehrere Schichten tragen.<\/li>\n<li><strong>Ein leichter Schlafsack.<\/strong> Diese k\u00f6nnen auch in Nepal gekauft oder gemietet werden.<\/li>\n<li><strong>Ein Trekkingstock. <\/strong>Obwohl die Wanderung relativ einfach ist, gibt es viele Auf- und Abstiege, und ein Trekkingstock kann Ihnen dabei helfen. Andernfalls k\u00f6nnen Sie unterwegs einen stabilen Stock finden und sich damit abst\u00fctzen.<\/li>\n<li><strong>Zwei Paar Handschuhe.<\/strong> Eine f\u00fcr warmes und eine f\u00fcr kaltes Wetter.<\/li>\n<li><strong>Eine Wollm\u00fctze<\/strong><\/li>\n<li><strong>Sonnenbrille<\/strong><\/li>\n<li><strong>Eine Taschenlampe oder eine Kopflampe<\/strong><\/li>\n<li><strong>Ein Erste-Hilfe-Kit mit Diamox und oralem Rehydratationssalz (ORS)<\/strong><\/li>\n<li><strong>Toilettenartikel<\/strong><strong>- <\/strong>Toilettenpapier, Handdesinfektionsmittel, Wasseraufbereiter, Sonnenschutzmittel, Feuchtigkeitscreme, Zahnpasta und Zahnb\u00fcrste.<\/li>\n<li><strong>Eine wasserfeste Karte des Annapurna Base Camps<\/strong><\/li>\n<li><strong>Snacks, die Sie m\u00f6gen, und Unterhaltung wie B\u00fccher, Karten, ein iPad usw.<\/strong><\/li>\n<\/ol>\n<p>Wenn Sie sich nicht sicher sind, welche Ausr\u00fcstung Sie in Nepal kaufen und welche Sie von zu Hause mitbringen sollen, wird Ihnen dieser Artikel bei der Entscheidung helfen, ob Sie die Trekkingausr\u00fcstung zu Hause oder in Nepal kaufen sollen.<\/p>\n<h2>Einige h\u00e4ufig gestellte Fragen<\/h2>\n<p>Hier sind einige der h\u00e4ufig gestellten Fragen beantwortet, um ein klareres Bild auf Annapurna Base Camp Trek zu geben.<\/p>\n<p><strong>1) Wie fit muss ich sein, um diese Wanderung zu machen?<\/strong><\/p>\n<p>Das Annapurna Base Camp ist eine mittelschwere Trekkingroute der Kategorie B. Daher kann jede fitte Person diese Wanderung machen, auch wenn Sie keine vorherige Erfahrung haben. Sie sollten sich bewusst sein, was Sie erwartet und sich mental darauf vorbereiten. Dann k\u00f6nnen Sie es schaffen, solange Sie es wollen.<\/p>\n<p><strong>2) Wie lange m\u00fcssen wir beim Annapurna Base Camp Trekking jeden Tag laufen?<\/strong><\/p>\n<p>Im Durchschnitt laufen Sie etwa 4 bis 6 Stunden pro Tag. An einem oder zwei Tagen k\u00f6nnen es weniger als 3 Stunden und an einem oder zwei Tagen bis zu 7 Stunden sein.<\/p>\n<p><strong>3) Welches ist die h\u00f6chste H\u00f6he, die auf dieser Wanderung erreicht wird?<\/strong><\/p>\n<p>Die h\u00f6chste erreichte H\u00f6he ist 4190m. Dies ist die H\u00f6he des Annapurna Base Camps. ABC ist der h\u00f6chste Punkt, den wir auf dieser Wanderung besteigen werden.<\/p>\n<p><strong>4) Wie sieht es mit der M\u00f6glichkeit aus, Batterien aufzuladen und warm zu duschen?<\/strong><\/p>\n<p>Ja, Sie k\u00f6nnen die Batterien unterwegs aufladen. Ein Ladeger\u00e4t sollte mitgebracht werden. Es gibt auch warme Duschm\u00f6glichkeiten. M\u00f6glicherweise m\u00fcssen Sie f\u00fcr beides einen bestimmten Betrag bezahlen ($1-$2). Verhandeln Sie. In niedrigeren Lagen kann die Warmwasserversorgung auch kostenlos sein.<\/p>","protected":false},"excerpt":{"rendered":"<p>Der Annapurna Base Camp (ABC) Trek ist einer der beliebtesten Trecks in Nepal. Er ist relativ einfach und k\u00fcrzer, bietet aber dennoch ein vielf\u00e4ltiges Terrain, Kultur und Tierwelt sowie die spektakul\u00e4rsten und nahesten ... <\/p>","protected":false},"author":1,"featured_media":0,"parent":0,"menu_order":0,"comment_status":"closed","ping_status":"closed","template":"","meta":{"footnotes":""},"class_list":["post-396","page","type-page","status-publish","hentry","latest_post"],"_links":{"self":[{"href":"https:\/\/moroccocitiestours.com\/de\/wp-json\/wp\/v2\/pages\/396","targetHints":{"allow":["GET"]}}],"collection":[{"href":"https:\/\/moroccocitiestours.com\/de\/wp-json\/wp\/v2\/pages"}],"about":[{"href":"https:\/\/moroccocitiestours.com\/de\/wp-json\/wp\/v2\/types\/page"}],"author":[{"embeddable":true,"href":"https:\/\/moroccocitiestours.com\/de\/wp-json\/wp\/v2\/users\/1"}],"replies":[{"embeddable":true,"href":"https:\/\/moroccocitiestours.com\/de\/wp-json\/wp\/v2\/comments?post=396"}],"version-history":[{"count":0,"href":"https:\/\/moroccocitiestours.com\/de\/wp-json\/wp\/v2\/pages\/396\/revisions"}],"wp:attachment":[{"href":"https:\/\/moroccocitiestours.com\/de\/wp-json\/wp\/v2\/media?parent=396"}],"curies":[{"name":"wp","href":"https:\/\/api.w.org\/{rel}","templated":true}]}}