{"id":1995,"date":"2025-05-04T12:48:23","date_gmt":"2025-05-04T12:48:23","guid":{"rendered":"https:\/\/moroccocitiestours.com\/?page_id=1995"},"modified":"2025-05-04T13:16:19","modified_gmt":"2025-05-04T13:16:19","slug":"cancellation-and-refund-policy","status":"publish","type":"page","link":"https:\/\/moroccocitiestours.com\/de\/cancellation-and-refund-policy\/","title":{"rendered":"Stornierung und R\u00fcckerstattung"},"content":{"rendered":"<p><strong>Zuletzt aktualisiert: Dezember 15, 2024<\/strong><\/p>\n\n\n\n<p><strong>Allgemeine Stornobedingungen<\/strong><\/p>\n\n\n\n<p>Die Stornierungsbedingungen f\u00fcr Touren und Dienstleistungen, die von Casablanca Day Tour angeboten werden, h\u00e4ngen von der jeweiligen Tour, Dienstleistung oder dem Reisepaket ab. Die geltenden Bestimmungen werden w\u00e4hrend des Buchungsvorgangs deutlich angegeben.<\/p>\n\n\n\n<p>Struktur der Erstattung<\/p>\n\n\n\n<p><strong>2.1 Berechtigung zur Erstattung<\/strong><\/p>\n\n\n\n<p>Volle R\u00fcckerstattung m\u00f6glich: Bei Stornierungen, die 24 Stunden oder mehr vor dem Startdatum der Tour erfolgen, wird der volle Betrag von 100% erstattet.<\/p>\n\n\n\n<p>Erstattungen werden gegebenenfalls gem\u00e4\u00df den f\u00fcr Ihre Buchung geltenden Stornierungsbedingungen vorgenommen.<\/p>\n\n\n\n<p>Die H\u00f6he der R\u00fcckerstattung kann je nach Zeitpunkt der Stornierung und der Art der gebuchten Dienstleistung variieren.<\/p>\n\n\n\n<p><strong>2.2 Geb\u00fchren f\u00fcr die Zahlungsabwicklung<\/strong><\/p>\n\n\n\n<p>Der Kunde ist f\u00fcr die mit Stornierungen und R\u00fcckerstattungen verbundenen Geb\u00fchren f\u00fcr die Zahlungsabwicklung durch Dritte (Stripe und PayPal) verantwortlich.<\/p>\n\n\n\n<p>Diese Geb\u00fchren werden vom Erstattungsbetrag abgezogen oder gesondert berechnet.<\/p>\n\n\n\n<p>Recht des Unternehmens auf K\u00fcndigung<\/p>\n\n\n\n<p><strong>Casablanca Tagestour beh\u00e4lt sich das Recht vor, jede Tour aus folgenden Gr\u00fcnden zu stornieren:<\/strong><\/p>\n\n\n\n<p>Unzureichende Teilnehmerzahlen<\/p>\n\n\n\n<p>Ereignisse h\u00f6herer Gewalt<\/p>\n\n\n\n<p>Umst\u00e4nde, die sich unserer Kontrolle entziehen<\/p>\n\n\n\n<p><strong>In solchen F\u00e4llen:<\/strong><\/p>\n\n\n\n<p>Die Kosten werden in voller H\u00f6he erstattet.<\/p>\n\n\n\n<p>Alternative Regelungen k\u00f6nnen angeboten und akzeptiert werden.<\/p>\n\n\n\n<p>Annullierungsprozess<\/p>\n\n\n\n<p>Um eine Buchung zu stornieren:<\/p>\n\n\n\n<p>Stellen Sie einen schriftlichen Antrag auf Stornierung.<\/p>\n\n\n\n<p>Geben Sie die Buchungsreferenznummer an.<\/p>\n\n\n\n<p>Die Stornierung wird gem\u00e4\u00df den f\u00fcr die jeweilige Tour geltenden Bestimmungen bearbeitet.<\/p>\n\n\n\n<p>Zahlungsmethode und Erstattungsabwicklung<\/p>\n\n\n\n<p>Erstattungen werden \u00fcber die urspr\u00fcngliche Zahlungsmethode abgewickelt.<\/p>\n\n\n\n<p>Es gelten die Bedingungen f\u00fcr Drittanbieter-Zahlungsabwickler (PayPal\/Stripe).<\/p>\n\n\n\n<p>Die Bearbeitungszeit f\u00fcr die R\u00fcckerstattung kann variieren.<\/p>\n\n\n\n<p>\u00c4nderungen buchen<\/p>\n\n\n\n<p>\u00c4nderungsantr\u00e4ge m\u00fcssen schriftlich eingereicht werden.<\/p>\n\n\n\n<p>Je nach Verf\u00fcgbarkeit und eventuellen zus\u00e4tzlichen Geb\u00fchren.<\/p>\n\n\n\n<p>Einige \u00c4nderungen k\u00f6nnen als Stornierungen behandelt werden, bei denen Stornierungsgeb\u00fchren anfallen.<\/p>\n\n\n\n<p>Haftungsausschluss<\/p>\n\n\n\n<p>Go Casablanca Tagestour ist nicht verantwortlich f\u00fcr:<\/p>\n\n\n\n<p>Pers\u00f6nliche Reisearrangements, die von Annullierungen betroffen sind.<\/p>\n\n\n\n<p>Ausgaben, die au\u00dferhalb der gebuchten Leistung anfallen.<\/p>\n\n\n\n<p>Stornierungsbedingungen von Drittanbietern.<\/p>\n\n\n\n<p>Kontakt f\u00fcr Stornierungen<\/p>\n\n\n\n<p>F\u00fcr Anfragen zur Stornierung:<\/p>\n\n\n\n<p>E-Mail: Contact@moroccocitiestours.com<\/p>\n\n\n\n<p>Telefon: +212648564858<\/p>\n\n\n\n<p>Postanschrift: 30 N Gould St Ste R Sheridan, WY 82801<\/p>\n\n\n\n<p><strong>Politische Aktualisierungen<\/strong><\/p>\n\n\n\n<p>Wir behalten uns das Recht vor, diese Stornierungs- und Erstattungsrichtlinie jederzeit zu \u00e4ndern. Die aktuellste Version wird auf unserer Website zur Verf\u00fcgung stehen.<\/p>\n\n\n\n<p><strong>Datum des Inkrafttretens: 15. Dezember 2024<\/strong><\/p>","protected":false},"excerpt":{"rendered":"<p>Last Updated: December 15, 2024 General Cancellation Terms Cancellation policies for tours and services provided by Casablanca day tour vary depending on the specific tour, service, or travel package. The applicable policy will be clearly &hellip; <\/p>","protected":false},"author":2,"featured_media":0,"parent":0,"menu_order":0,"comment_status":"closed","ping_status":"closed","template":"","meta":{"footnotes":""},"class_list":["post-1995","page","type-page","status-publish","hentry","latest_post"],"_links":{"self":[{"href":"https:\/\/moroccocitiestours.com\/de\/wp-json\/wp\/v2\/pages\/1995","targetHints":{"allow":["GET"]}}],"collection":[{"href":"https:\/\/moroccocitiestours.com\/de\/wp-json\/wp\/v2\/pages"}],"about":[{"href":"https:\/\/moroccocitiestours.com\/de\/wp-json\/wp\/v2\/types\/page"}],"author":[{"embeddable":true,"href":"https:\/\/moroccocitiestours.com\/de\/wp-json\/wp\/v2\/users\/2"}],"replies":[{"embeddable":true,"href":"https:\/\/moroccocitiestours.com\/de\/wp-json\/wp\/v2\/comments?post=1995"}],"version-history":[{"count":2,"href":"https:\/\/moroccocitiestours.com\/de\/wp-json\/wp\/v2\/pages\/1995\/revisions"}],"predecessor-version":[{"id":2002,"href":"https:\/\/moroccocitiestours.com\/de\/wp-json\/wp\/v2\/pages\/1995\/revisions\/2002"}],"wp:attachment":[{"href":"https:\/\/moroccocitiestours.com\/de\/wp-json\/wp\/v2\/media?parent=1995"}],"curies":[{"name":"wp","href":"https:\/\/api.w.org\/{rel}","templated":true}]}}